{"id":83,"date":"2025-06-26T07:10:33","date_gmt":"2025-06-26T07:10:33","guid":{"rendered":"https:\/\/piazzettagallo.it\/?page_id=83"},"modified":"2025-07-22T08:44:02","modified_gmt":"2025-07-22T08:44:02","slug":"home","status":"publish","type":"page","link":"https:\/\/piazzettagallo.it\/en\/","title":{"rendered":"Home Page"},"content":{"rendered":"<section class=\"l-section wpb_row us_custom_113b8251 height_medium full_height valign_center type_sticky with_video with_youtube\"><div id=\"us_bg_video_v3ad\" class=\"l-section-video\"><script id=\"us_bg_video_v3ad-script\">!function(w){var node = document.getElementById( 'us_bg_video_v3ad' );if ( w.innerWidth <= 340 ) { node.remove() }}(window);<\/script><style>@media(max-width:340px){#us_bg_video_v3ad{display:none!important}}<\/style><script id=\"youtube_v3ad\">\r\n\t\t\t\t\twindow.USYTPlayers = ( window.USYTPlayers || { initYTFunctions: [], optionsYT: [], USYTInited: false } );\r\n\t\t\t\t\twindow.USYTPlayers.initYTFunctions.push( function() {\r\n\t\t\t\t\t\tvar player = new YT.Player( \"youtube_v3ad\" , {\r\n\t\t\t\t\t\t\tvideoId: \"izvFLlFlHCk\",\r\n\t\t\t\t\t\t\tplayerVars: {\"playlist\":\"izvFLlFlHCk\",\"autohide\":1,\"autoplay\":1,\"mute\":1,\"controls\":0,\"disablekb\":1,\"enablejsapi\":1,\"fs\":0,\"loop\":1,\"rel\":0,\"showinfo\":0},\r\n\t\t\t\t\t\t\tevents: {\r\n\t\t\t\t\t\t\t\tonReady: function ( e ) {\r\n\t\t\t\t\t\t\t\t\te.target.mute();\r\n\t\t\t\t\t\t\t\t\te.target.playVideo();\r\n\t\t\t\t\t\t\t\t\te.target.g.allow = \"autoplay; fullscreen; picture-in-picture\";\r\n\t\t\t\t\t\t\t\t\te.target.g.width = window.innerWidth;\r\n\t\t\t\t\t\t\t\t\te.target.g.loading = \"lazy\";\r\n\t\t\t\t\t\t\t\t\te.target.g.dispatchEvent( new Event( \"resize\", { bubbles: true } ) );\r\n\t\t\t\t\t\t\t\t}\r\n\t\t\t\t\t\t\t}\r\n\t\t\t\t\t\t});\r\n\t\t\t\t\t\tdocument.querySelector( \"script#youtube_api_v3ad\" ).remove();\r\n\t\t\t\t\t} );\r\n\t\t\t\t\twindow.onYouTubeIframeAPIReady = function() {\r\n\t\t\t\t\t\twindow.USYTPlayers.initYTFunctions.forEach( function( YTPlayer ) {\r\n\t\t\t\t\t\t\tif ( typeof YTPlayer === \"function\" ) {\r\n\t\t\t\t\t\t\t\tYTPlayer();\r\n\t\t\t\t\t\t\t}\r\n\t\t\t\t\t\t} );\r\n\t\t\t\t\t};\r\n\t\t\t\t\tvar script = document.createElement( \"script\" );\r\n\t\t\t\t\tscript.id = \"youtube_api_v3ad\";\r\n\t\t\t\t\tscript.src = \"https:\/\/www.youtube.com\/iframe_api\";\r\n\t\t\t\t\tdocument.head.append( script );\r\n\t\t\t\t<\/script><\/div><div class=\"l-section-h i-cf\"><div class=\"g-cols vc_row via_grid cols_1 laptops-cols_inherit tablets-cols_inherit mobiles-cols_1 valign_top type_default stacking_default\"><div class=\"wpb_column vc_column_container\"><div class=\"vc_column-inner\"><\/div><\/div><\/div><\/div><\/section><section class=\"l-section wpb_row us_custom_c36d6818 height_medium\"><div class=\"l-section-h i-cf\"><div class=\"g-cols vc_row via_grid cols_1 laptops-cols_inherit tablets-cols_inherit mobiles-cols_1 valign_middle type_default stacking_default\"><div class=\"wpb_column vc_column_container\"><div class=\"vc_column-inner\"><div class=\"w-separator size_huge\"><\/div><h1 class=\"w-text us_custom_bbcdc4d5 has_text_color\"><span class=\"w-text-h\"><span class=\"w-text-value\">Il battito lento della bellezza<\/span><\/span><\/h1><\/div><\/div><\/div><\/div><\/section><section class=\"l-section wpb_row us_custom_c36d6818 height_medium full_height valign_center width_full\"><div class=\"l-section-h i-cf\"><div class=\"g-cols vc_row via_grid cols_2 laptops-cols_inherit tablets-cols_inherit mobiles-cols_1 valign_middle type_default stacking_default\"><div class=\"wpb_column vc_column_container\"><div class=\"vc_column-inner\"><div data-us-scroll=\"{&quot;from_initial_position&quot;:&quot;0&quot;,&quot;start_position&quot;:&quot;0%&quot;,&quot;end_position&quot;:&quot;100%&quot;,&quot;delay&quot;:&quot;0.1s&quot;,&quot;translate_y_direction&quot;:&quot;up&quot;,&quot;translate_y_speed&quot;:&quot;0.2x&quot;}\" class=\"wpb_text_column us_custom_0f088a09 has_text_color hide_on_mobiles has_scroll_effects has_translate_y\"><div class=\"wpb_wrapper\"><h4 style=\"text-align: right;\">LUOGHI IN CUI IL TEMPO RALLENTA<\/h4>\n<p class=\"p1\" style=\"text-align: right; padding-left: 320px;\">Ci sono luoghi che pulsano di vita, capaci di entrare in sintonia con le emozioni pi\u00f9 autentiche.<\/p>\n<p class=\"p1\" style=\"text-align: right; padding-left: 320px;\">Luoghi in cui il tempo rallenta e la luce riesce ad accarezzare ogni dettaglio, con il <b>suono del mare<\/b> come sottofondo.<\/p>\n<\/div><\/div><\/div><\/div><div class=\"wpb_column vc_column_container\"><div class=\"vc_column-inner\"><div class=\"w-separator size_medium\"><\/div><div data-us-scroll=\"{&quot;from_initial_position&quot;:&quot;0&quot;,&quot;start_position&quot;:&quot;0%&quot;,&quot;end_position&quot;:&quot;100%&quot;,&quot;delay&quot;:&quot;0.1s&quot;,&quot;translate_y_direction&quot;:&quot;up&quot;,&quot;translate_y_speed&quot;:&quot;0.5x&quot;}\" class=\"wpb_text_column us_custom_292ea71f has_text_color hide_on_default hide_on_laptops hide_on_tablets has_scroll_effects has_translate_y\"><div class=\"wpb_wrapper\"><p class=\"p1\" style=\"text-align: left; padding-left: 40px;\">Ci sono luoghi che pulsano di vita, capaci di entrare in sintonia con le emozioni pi\u00f9 autentiche.<\/p>\n<p class=\"p1\" style=\"text-align: left; padding-left: 40px;\">Luoghi in cui il tempo rallenta e la luce riesce ad accarezzare ogni dettaglio, con il suono del mare come sottofondo.<\/p>\n<\/div><\/div><\/div><\/div><\/div><\/div><\/section><section class=\"l-section wpb_row us_custom_c36d6818 height_auto width_full\"><div class=\"l-section-h i-cf\"><div class=\"g-cols vc_row via_grid cols_2 laptops-cols_inherit tablets-cols_inherit mobiles-cols_1 valign_middle type_default stacking_default\"><div class=\"wpb_column vc_column_container\"><div class=\"vc_column-inner\"><\/div><\/div><div class=\"wpb_column vc_column_container\"><div class=\"vc_column-inner\"><div data-us-scroll=\"{&quot;from_initial_position&quot;:&quot;0&quot;,&quot;start_position&quot;:&quot;0%&quot;,&quot;end_position&quot;:&quot;100%&quot;,&quot;delay&quot;:&quot;0.1s&quot;,&quot;translate_y_direction&quot;:&quot;up&quot;,&quot;translate_y_speed&quot;:&quot;0.2x&quot;}\" class=\"wpb_text_column us_custom_292ea71f has_text_color hide_on_default hide_on_laptops hide_on_tablets has_scroll_effects has_translate_y\"><div class=\"wpb_wrapper\"><p class=\"p1\" style=\"text-align: left; padding-left: 40px;\">Piazzetta Gallo \u00e8 molto pi\u00f9 di una semplice destinazione: \u00e8 un luogo dove potersi perdere per poi ritrovarsi, accolti dal calore che questa terra sa offrire con discrezione.<\/p>\n<p class=\"p1\" style=\"text-align: left; padding-left: 40px;\">Tra il bianco calce, il blu profondo del mare e i limoni che profumano l\u2019aria rendendola frizzante, nasce un rifugio discreto ed elegante affacciato sul mare di <b>Trani<\/b>.<\/p>\n<\/div><\/div><div data-us-scroll=\"{&quot;from_initial_position&quot;:&quot;0&quot;,&quot;start_position&quot;:&quot;0%&quot;,&quot;end_position&quot;:&quot;100%&quot;,&quot;delay&quot;:&quot;0.1s&quot;,&quot;translate_y_direction&quot;:&quot;up&quot;,&quot;translate_y_speed&quot;:&quot;0.2x&quot;}\" class=\"wpb_text_column us_custom_4df12e5c has_text_color hide_on_mobiles has_scroll_effects has_translate_y\"><div class=\"wpb_wrapper\"><h4 class=\"p1\" style=\"padding-left: 80px; text-align: left;\">UN RIFUGIO DISCRETO ED ELEGANTE<\/h4>\n<p class=\"p1\" style=\"padding-left: 80px; text-align: left;\">Piazzetta Gallo \u00e8 molto pi\u00f9 di una semplice destinazione: \u00e8 un luogo dove potersi perdere per poi ritrovarsi, accolti dal calore che questa terra sa offrire con discrezione.<\/p>\n<p class=\"p1\" style=\"padding-left: 80px; text-align: left;\">Tra il bianco calce, il blu profondo del mare e i limoni che profumano l\u2019aria rendendola frizzante, nasce un rifugio discreto ed elegante affacciato sul mare di <b>Trani<\/b>.<\/p>\n<\/div><\/div><\/div><\/div><\/div><\/div><\/section><section class=\"l-section wpb_row us_custom_c36d6818 height_medium full_height valign_center width_full\"><div class=\"l-section-h i-cf\"><div class=\"g-cols vc_row via_grid cols_2 laptops-cols_inherit tablets-cols_inherit mobiles-cols_1 valign_middle type_default stacking_default\"><div class=\"wpb_column vc_column_container\"><div class=\"vc_column-inner\"><div data-us-scroll=\"{&quot;from_initial_position&quot;:&quot;0&quot;,&quot;start_position&quot;:&quot;0%&quot;,&quot;end_position&quot;:&quot;100%&quot;,&quot;delay&quot;:&quot;0.1s&quot;,&quot;translate_y_direction&quot;:&quot;up&quot;,&quot;translate_y_speed&quot;:&quot;0.2x&quot;}\" class=\"wpb_text_column us_custom_0f088a09 has_text_color hide_on_mobiles has_scroll_effects has_translate_y\"><div class=\"wpb_wrapper\"><h4 class=\"p1\" style=\"text-align: right; padding-left: 320px;\">COMFORT E SAPORI MEDITERRANEI<\/h4>\n<p class=\"p1\" style=\"text-align: right; padding-left: 320px;\">Di giorno un <b>beach club<\/b> dove potersi rilassare con stile, tra comfort su misura e sapori mediterranei, aperto anche a chi desidera semplicemente pranzare in riva al mare.<\/p>\n<p class=\"p1\" style=\"text-align: right; padding-left: 320px;\">Al calar del sole, invece, la Piazzetta si trasforma: l<b>\u2019aperitivo diventa un rituale<\/b>, la cena un\u2019esperienza indimenticabile sotto le stelle, tra champagne, sushi e cocktail d\u2019autore.<\/p>\n<\/div><\/div><div class=\"w-separator size_huge\"><\/div><div class=\"w-separator hide_on_mobiles size_huge\"><\/div><div class=\"w-btn-wrapper align_right hide_on_mobiles\"><a class=\"w-btn us-btn-style_1 us_custom_7dc20ba9 has_text_color\" href=\"https:\/\/piazzettagallo.it\/restaurant\/\"><span class=\"w-btn-label\">SCOPRI IL NOSTRO RISTORANTE<\/span><\/a><\/div><\/div><\/div><div class=\"wpb_column vc_column_container\"><div class=\"vc_column-inner\"><div class=\"w-separator size_large\"><\/div><div data-us-scroll=\"{&quot;from_initial_position&quot;:&quot;0&quot;,&quot;start_position&quot;:&quot;0%&quot;,&quot;end_position&quot;:&quot;100%&quot;,&quot;delay&quot;:&quot;0.1s&quot;,&quot;translate_y_direction&quot;:&quot;up&quot;,&quot;translate_y_speed&quot;:&quot;0.5x&quot;}\" class=\"wpb_text_column us_custom_c9371c93 has_text_color hide_on_default hide_on_laptops hide_on_tablets has_scroll_effects has_translate_y\"><div class=\"wpb_wrapper\"><p class=\"p1\" style=\"text-align: left; padding-left: 40px;\">Di giorno un <b>beach club<\/b> dove potersi rilassare con stile, tra comfort su misura e sapori mediterranei, aperto anche a chi desidera semplicemente pranzare in riva al mare.<\/p>\n<p class=\"p1\" style=\"text-align: left; padding-left: 40px;\">Al calar del sole, invece, la Piazzetta si trasforma: l<b>\u2019aperitivo diventa un rituale<\/b>, la cena un\u2019esperienza indimenticabile sotto le stelle, tra champagne, sushi e cocktail d\u2019autore.<\/p>\n<\/div><\/div><div class=\"w-separator hide_on_default hide_on_laptops hide_on_tablets size_large\"><\/div><div class=\"w-btn-wrapper align_center hide_on_default hide_on_laptops hide_on_tablets\"><a class=\"w-btn us-btn-style_1 us_custom_7dc20ba9 has_text_color\" href=\"https:\/\/piazzettagallo.it\/home\"><span class=\"w-btn-label\">SCOPRI IL NOSTRO RISTORANTE<\/span><\/a><\/div><\/div><\/div><\/div><\/div><\/section><section class=\"l-section wpb_row us_custom_b0b50722 height_huge with_video with_youtube\"><div id=\"us_bg_video_gea2\" class=\"l-section-video\"><script id=\"us_bg_video_gea2-script\">!function(w){var node = document.getElementById( 'us_bg_video_gea2' );if ( w.innerWidth <= 300 ) { node.remove() }}(window);<\/script><style>@media(max-width:300px){#us_bg_video_gea2{display:none!important}}<\/style><script id=\"youtube_gea2\">\r\n\t\t\t\t\twindow.USYTPlayers = ( window.USYTPlayers || { initYTFunctions: [], optionsYT: [], USYTInited: false } );\r\n\t\t\t\t\twindow.USYTPlayers.initYTFunctions.push( function() {\r\n\t\t\t\t\t\tvar player = new YT.Player( \"youtube_gea2\" , {\r\n\t\t\t\t\t\t\tvideoId: \"wdeYMEApAHs\",\r\n\t\t\t\t\t\t\tplayerVars: {\"playlist\":\"wdeYMEApAHs\",\"autohide\":1,\"autoplay\":1,\"mute\":1,\"controls\":0,\"disablekb\":1,\"enablejsapi\":1,\"fs\":0,\"loop\":1,\"rel\":0,\"showinfo\":0},\r\n\t\t\t\t\t\t\tevents: {\r\n\t\t\t\t\t\t\t\tonReady: function ( e ) {\r\n\t\t\t\t\t\t\t\t\te.target.mute();\r\n\t\t\t\t\t\t\t\t\te.target.playVideo();\r\n\t\t\t\t\t\t\t\t\te.target.g.allow = \"autoplay; fullscreen; picture-in-picture\";\r\n\t\t\t\t\t\t\t\t\te.target.g.width = window.innerWidth;\r\n\t\t\t\t\t\t\t\t\te.target.g.loading = \"lazy\";\r\n\t\t\t\t\t\t\t\t\te.target.g.dispatchEvent( new Event( \"resize\", { bubbles: true } ) );\r\n\t\t\t\t\t\t\t\t}\r\n\t\t\t\t\t\t\t}\r\n\t\t\t\t\t\t});\r\n\t\t\t\t\t\tdocument.querySelector( \"script#youtube_api_gea2\" ).remove();\r\n\t\t\t\t\t} );\r\n\t\t\t\t\twindow.onYouTubeIframeAPIReady = function() {\r\n\t\t\t\t\t\twindow.USYTPlayers.initYTFunctions.forEach( function( YTPlayer ) {\r\n\t\t\t\t\t\t\tif ( typeof YTPlayer === \"function\" ) {\r\n\t\t\t\t\t\t\t\tYTPlayer();\r\n\t\t\t\t\t\t\t}\r\n\t\t\t\t\t\t} );\r\n\t\t\t\t\t};\r\n\t\t\t\t\tvar script = document.createElement( \"script\" );\r\n\t\t\t\t\tscript.id = \"youtube_api_gea2\";\r\n\t\t\t\t\tscript.src = \"https:\/\/www.youtube.com\/iframe_api\";\r\n\t\t\t\t\tdocument.head.append( script );\r\n\t\t\t\t<\/script><\/div><div class=\"l-section-h i-cf\"><div class=\"g-cols vc_row via_grid cols_1 laptops-cols_inherit tablets-cols_inherit mobiles-cols_1 valign_middle type_default stacking_default\"><div class=\"wpb_column vc_column_container us_custom_057801f8 has_bg_color\"><div class=\"vc_column-inner\"><h3 class=\"w-itext us_custom_df5f4c97 has_text_color type_zoomInChars align_center\" onclick='return {&quot;duration&quot;:100,&quot;delay&quot;:2000,&quot;disablePartAnimation&quot;:false,&quot;html_nbsp_char&quot;:false}'><span class=\"w-itext-part changesat_0 changesat_1 changesat_2 changesat_3 dynamic\" onclick='return [&quot;BEACH CLUB&quot;,&quot;SUSHI BAR&quot;,&quot;APERITIF &amp; MORE&quot;,&quot;LOUNGE RESTAURANT&quot;]'><span>BEACH CLUB<\/span><\/span><\/h3><\/div><\/div><\/div><\/div><\/section><section class=\"l-section wpb_row us_custom_0388cc36 height_huge full_height valign_center type_sticky\"><div class=\"l-section-h i-cf\"><div class=\"g-cols vc_row via_grid cols_2 laptops-cols_inherit tablets-cols_inherit mobiles-cols_1 valign_middle type_default stacking_default\"><div class=\"wpb_column vc_column_container\"><div class=\"vc_column-inner\"><\/div><\/div><\/div><\/div><\/section><section class=\"l-section wpb_row us_custom_cc100ced height_huge full_height valign_center type_sticky\"><div class=\"l-section-h i-cf\"><div class=\"g-cols vc_row via_grid cols_2 laptops-cols_inherit tablets-cols_inherit mobiles-cols_1 valign_middle type_default stacking_default\"><div class=\"wpb_column vc_column_container\"><div class=\"vc_column-inner\"><\/div><\/div><\/div><\/div><\/section><section class=\"l-section wpb_row us_custom_a50792c8 height_medium full_height valign_center\"><div class=\"l-section-h i-cf\"><div class=\"g-cols vc_row via_grid cols_2 laptops-cols_inherit tablets-cols_inherit mobiles-cols_1 valign_middle type_default stacking_default\"><div class=\"wpb_column vc_column_container\"><div class=\"vc_column-inner\"><div data-us-scroll=\"{&quot;from_initial_position&quot;:&quot;0&quot;,&quot;start_position&quot;:&quot;30%&quot;,&quot;end_position&quot;:&quot;65%&quot;,&quot;delay&quot;:&quot;1s&quot;,&quot;scale_direction&quot;:&quot;down&quot;,&quot;scale_speed&quot;:&quot;0.4x&quot;}\" class=\"w-html has_scroll_effects has_scale\"><iframe loading=\"lazy\"\n  width=\"332\"\n  height=\"590\"\n  src=\"https:\/\/www.youtube.com\/embed\/BYDGUnId9k0?autoplay=1&mute=1&controls=0&modestbranding=1&rel=0&loop=1&playlist=BYDGUnId9k0\"\n  frameborder=\"0\"\n  allow=\"autoplay; encrypted-media\"\n  allowfullscreen\n  style=\"border: none; overflow: hidden;\"\n><\/iframe>\n<\/div><\/div><\/div><div class=\"wpb_column vc_column_container\"><div class=\"vc_column-inner\"><div class=\"wpb_text_column\"><div class=\"wpb_wrapper\"><p class=\"p1\">Qui ogni momento \u00e8 un invito a rallentare, ogni dettaglio racconta qualcosa, ogni istante lascia un ricordo semplice ma speciale, fatto di piccole felicit\u00e0.<\/p>\n<p>\u00a0<\/p>\n<\/div><\/div><h3 class=\"w-text us_custom_21a0613f has_text_color\"><span class=\"w-text-h\"><span class=\"w-text-value\">Benvenuti a Piazzetta Gallo.<\/span><\/span><\/h3><div class=\"w-text us_custom_5f3589c1 has_text_color\"><span class=\"w-text-h\"><span class=\"w-text-value\">Dove il battito lento della bellezza si fa arte.<\/span><\/span><\/div><div class=\"w-separator size_huge\"><\/div><\/div><\/div><\/div><\/div><\/section>\n","protected":false},"excerpt":{"rendered":"Il battito lento della bellezzaLUOGHI IN CUI IL TEMPO RALLENTA Ci sono luoghi che pulsano di vita, capaci di entrare in sintonia con le emozioni pi\u00f9 autentiche. Luoghi in cui il tempo rallenta e la luce riesce ad accarezzare ogni dettaglio, con il suono del mare come sottofondo. Ci sono luoghi che pulsano di vita,...","protected":false},"author":2,"featured_media":0,"parent":0,"menu_order":0,"comment_status":"closed","ping_status":"closed","template":"","meta":{"footnotes":""},"class_list":["post-83","page","type-page","status-publish","hentry"],"_links":{"self":[{"href":"https:\/\/piazzettagallo.it\/en\/wp-json\/wp\/v2\/pages\/83","targetHints":{"allow":["GET"]}}],"collection":[{"href":"https:\/\/piazzettagallo.it\/en\/wp-json\/wp\/v2\/pages"}],"about":[{"href":"https:\/\/piazzettagallo.it\/en\/wp-json\/wp\/v2\/types\/page"}],"author":[{"embeddable":true,"href":"https:\/\/piazzettagallo.it\/en\/wp-json\/wp\/v2\/users\/2"}],"replies":[{"embeddable":true,"href":"https:\/\/piazzettagallo.it\/en\/wp-json\/wp\/v2\/comments?post=83"}],"version-history":[{"count":57,"href":"https:\/\/piazzettagallo.it\/en\/wp-json\/wp\/v2\/pages\/83\/revisions"}],"predecessor-version":[{"id":347,"href":"https:\/\/piazzettagallo.it\/en\/wp-json\/wp\/v2\/pages\/83\/revisions\/347"}],"wp:attachment":[{"href":"https:\/\/piazzettagallo.it\/en\/wp-json\/wp\/v2\/media?parent=83"}],"curies":[{"name":"wp","href":"https:\/\/api.w.org\/{rel}","templated":true}]}}